{"id":2,"date":"2024-08-25T18:39:22","date_gmt":"2024-08-25T16:39:22","guid":{"rendered":"http:\/\/xn--latelier-fort-0hb.fr\/?page_id=2"},"modified":"2026-03-23T12:22:21","modified_gmt":"2026-03-23T11:22:21","slug":"page-d-exemple","status":"publish","type":"page","link":"https:\/\/xn--latelier-fort-0hb.fr\/","title":{"rendered":"Prochains \u00e9v\u00e9nements de l&rsquo;atelier For\u00eat"},"content":{"rendered":"\n<figure class=\"wp-block-gallery has-nested-images columns-3 is-cropped wp-block-gallery-1 is-layout-flex wp-block-gallery-is-layout-flex\">\n<figure class=\"wp-block-image size-large\"><a href=\"https:\/\/www.journeesdesmetiersdart.fr\/programme\/#\/pinpoints\/91803602\" target=\"_blank\" rel=\" noreferrer noopener\"><img loading=\"lazy\" decoding=\"async\" width=\"689\" height=\"1024\" data-id=\"1032\" src=\"https:\/\/xn--latelier-fort-0hb.fr\/wp-content\/uploads\/2026\/03\/Affiche-JEMA-689x1024.jpg\" alt=\"\" class=\"wp-image-1032\" srcset=\"https:\/\/xn--latelier-fort-0hb.fr\/wp-content\/uploads\/2026\/03\/Affiche-JEMA-689x1024.jpg 689w, https:\/\/xn--latelier-fort-0hb.fr\/wp-content\/uploads\/2026\/03\/Affiche-JEMA-202x300.jpg 202w, https:\/\/xn--latelier-fort-0hb.fr\/wp-content\/uploads\/2026\/03\/Affiche-JEMA-768x1142.jpg 768w, https:\/\/xn--latelier-fort-0hb.fr\/wp-content\/uploads\/2026\/03\/Affiche-JEMA-1033x1536.jpg 1033w, https:\/\/xn--latelier-fort-0hb.fr\/wp-content\/uploads\/2026\/03\/Affiche-JEMA-1377x2048.jpg 1377w, https:\/\/xn--latelier-fort-0hb.fr\/wp-content\/uploads\/2026\/03\/Affiche-JEMA-scaled.jpg 1722w\" sizes=\"auto, (max-width: 689px) 100vw, 689px\" \/><\/a><figcaption class=\"wp-element-caption\"><strong>JEMA<\/strong> <br>Atelier participatif et portes ouvertes<\/figcaption><\/figure>\n\n\n\n<figure class=\"wp-block-image size-large\"><img loading=\"lazy\" decoding=\"async\" width=\"683\" height=\"1024\" data-id=\"1036\" src=\"https:\/\/xn--latelier-fort-0hb.fr\/wp-content\/uploads\/2026\/03\/Gesret-vase_print_300dpi-683x1024.jpg\" alt=\"\" class=\"wp-image-1036\" srcset=\"https:\/\/xn--latelier-fort-0hb.fr\/wp-content\/uploads\/2026\/03\/Gesret-vase_print_300dpi-683x1024.jpg 683w, https:\/\/xn--latelier-fort-0hb.fr\/wp-content\/uploads\/2026\/03\/Gesret-vase_print_300dpi-200x300.jpg 200w, https:\/\/xn--latelier-fort-0hb.fr\/wp-content\/uploads\/2026\/03\/Gesret-vase_print_300dpi-768x1152.jpg 768w, https:\/\/xn--latelier-fort-0hb.fr\/wp-content\/uploads\/2026\/03\/Gesret-vase_print_300dpi-1024x1536.jpg 1024w, https:\/\/xn--latelier-fort-0hb.fr\/wp-content\/uploads\/2026\/03\/Gesret-vase_print_300dpi-1365x2048.jpg 1365w, https:\/\/xn--latelier-fort-0hb.fr\/wp-content\/uploads\/2026\/03\/Gesret-vase_print_300dpi-scaled.jpg 1706w\" sizes=\"auto, (max-width: 683px) 100vw, 683px\" \/><figcaption class=\"wp-element-caption\"><strong>Biennale c\u00e9ramique de S\u00e8vres<\/strong><br>21 mai &#8211; 7 juin<\/figcaption><\/figure>\n\n\n\n<figure class=\"wp-block-image size-large\"><a href=\"https:\/\/www.instagram.com\/la_galerie_guilhem\/?hl=fr\"><img loading=\"lazy\" decoding=\"async\" width=\"683\" height=\"1024\" data-id=\"1033\" src=\"https:\/\/xn--latelier-fort-0hb.fr\/wp-content\/uploads\/2026\/03\/Gesret-Anne-bol-ryusui-b-683x1024.jpg\" alt=\"\" class=\"wp-image-1033\" srcset=\"https:\/\/xn--latelier-fort-0hb.fr\/wp-content\/uploads\/2026\/03\/Gesret-Anne-bol-ryusui-b-683x1024.jpg 683w, https:\/\/xn--latelier-fort-0hb.fr\/wp-content\/uploads\/2026\/03\/Gesret-Anne-bol-ryusui-b-200x300.jpg 200w, https:\/\/xn--latelier-fort-0hb.fr\/wp-content\/uploads\/2026\/03\/Gesret-Anne-bol-ryusui-b-768x1152.jpg 768w, https:\/\/xn--latelier-fort-0hb.fr\/wp-content\/uploads\/2026\/03\/Gesret-Anne-bol-ryusui-b-1024x1536.jpg 1024w, https:\/\/xn--latelier-fort-0hb.fr\/wp-content\/uploads\/2026\/03\/Gesret-Anne-bol-ryusui-b-1365x2048.jpg 1365w, https:\/\/xn--latelier-fort-0hb.fr\/wp-content\/uploads\/2026\/03\/Gesret-Anne-bol-ryusui-b.jpg 1698w\" sizes=\"auto, (max-width: 683px) 100vw, 683px\" \/><\/a><figcaption class=\"wp-element-caption\"><br><strong>Bleu d&rsquo;\u00e9t\u00e9 #2<br><\/strong>Exposition Galerie Guilhem \u00e0 Paris 27 &#8211; 31 mai<\/figcaption><\/figure>\n<\/figure>\n\n\n\n<p><\/p>\n","protected":false},"excerpt":{"rendered":"","protected":false},"author":1,"featured_media":0,"parent":0,"menu_order":0,"comment_status":"closed","ping_status":"open","template":"","meta":{"site-sidebar-layout":"default","site-content-layout":"","ast-site-content-layout":"default","site-content-style":"default","site-sidebar-style":"default","ast-global-header-display":"","ast-banner-title-visibility":"","ast-main-header-display":"","ast-hfb-above-header-display":"","ast-hfb-below-header-display":"","ast-hfb-mobile-header-display":"","site-post-title":"","ast-breadcrumbs-content":"","ast-featured-img":"","footer-sml-layout":"","ast-disable-related-posts":"","theme-transparent-header-meta":"","adv-header-id-meta":"","stick-header-meta":"","header-above-stick-meta":"","header-main-stick-meta":"","header-below-stick-meta":"","astra-migrate-meta-layouts":"default","ast-page-background-enabled":"default","ast-page-background-meta":{"desktop":{"background-color":"var(--ast-global-color-4)","background-image":"","background-repeat":"repeat","background-position":"center center","background-size":"auto","background-attachment":"scroll","background-type":"","background-media":"","overlay-type":"","overlay-color":"","overlay-opacity":"","overlay-gradient":""},"tablet":{"background-color":"","background-image":"","background-repeat":"repeat","background-position":"center center","background-size":"auto","background-attachment":"scroll","background-type":"","background-media":"","overlay-type":"","overlay-color":"","overlay-opacity":"","overlay-gradient":""},"mobile":{"background-color":"","background-image":"","background-repeat":"repeat","background-position":"center center","background-size":"auto","background-attachment":"scroll","background-type":"","background-media":"","overlay-type":"","overlay-color":"","overlay-opacity":"","overlay-gradient":""}},"ast-content-background-meta":{"desktop":{"background-color":"var(--ast-global-color-5)","background-image":"","background-repeat":"repeat","background-position":"center center","background-size":"auto","background-attachment":"scroll","background-type":"","background-media":"","overlay-type":"","overlay-color":"","overlay-opacity":"","overlay-gradient":""},"tablet":{"background-color":"var(--ast-global-color-5)","background-image":"","background-repeat":"repeat","background-position":"center center","background-size":"auto","background-attachment":"scroll","background-type":"","background-media":"","overlay-type":"","overlay-color":"","overlay-opacity":"","overlay-gradient":""},"mobile":{"background-color":"var(--ast-global-color-5)","background-image":"","background-repeat":"repeat","background-position":"center center","background-size":"auto","background-attachment":"scroll","background-type":"","background-media":"","overlay-type":"","overlay-color":"","overlay-opacity":"","overlay-gradient":""}},"footnotes":""},"class_list":["post-2","page","type-page","status-publish","hentry"],"jetpack_sharing_enabled":true,"_links":{"self":[{"href":"https:\/\/xn--latelier-fort-0hb.fr\/index.php\/wp-json\/wp\/v2\/pages\/2","targetHints":{"allow":["GET"]}}],"collection":[{"href":"https:\/\/xn--latelier-fort-0hb.fr\/index.php\/wp-json\/wp\/v2\/pages"}],"about":[{"href":"https:\/\/xn--latelier-fort-0hb.fr\/index.php\/wp-json\/wp\/v2\/types\/page"}],"author":[{"embeddable":true,"href":"https:\/\/xn--latelier-fort-0hb.fr\/index.php\/wp-json\/wp\/v2\/users\/1"}],"replies":[{"embeddable":true,"href":"https:\/\/xn--latelier-fort-0hb.fr\/index.php\/wp-json\/wp\/v2\/comments?post=2"}],"version-history":[{"count":26,"href":"https:\/\/xn--latelier-fort-0hb.fr\/index.php\/wp-json\/wp\/v2\/pages\/2\/revisions"}],"predecessor-version":[{"id":1037,"href":"https:\/\/xn--latelier-fort-0hb.fr\/index.php\/wp-json\/wp\/v2\/pages\/2\/revisions\/1037"}],"wp:attachment":[{"href":"https:\/\/xn--latelier-fort-0hb.fr\/index.php\/wp-json\/wp\/v2\/media?parent=2"}],"curies":[{"name":"wp","href":"https:\/\/api.w.org\/{rel}","templated":true}]}}